{"id":2,"date":"2015-09-16T04:24:25","date_gmt":"2015-09-16T04:24:25","guid":{"rendered":"http:\/\/wp431m.a10-52-158-154.qa.plesk.ru\/wordpress\/?page_id=2"},"modified":"2021-07-31T13:32:08","modified_gmt":"2021-07-31T12:32:08","slug":"pg","status":"publish","type":"page","link":"https:\/\/www.clovek.sk\/sk_sk\/pg\/","title":{"rendered":"PG"},"content":{"rendered":"<p>Z putovania po zemi aj v cloude&#8230; &nbsp;bez amb\u00edcie by\u0165 viac ne\u017e \u010dlovek, bez rezignovania&nbsp;zosta\u0165&nbsp;\u010dlovekom&#8230; Peter Gu\u0161taf\u00edk<\/p>\n\n\n<p><\/p>\n","protected":false},"excerpt":{"rendered":"<p>Z putovania po zemi aj v cloude&#8230; &nbsp;bez amb\u00edcie by\u0165 viac ne\u017e \u010dlovek, bez rezignovania&nbsp;zosta\u0165&nbsp;\u010dlovekom&#8230; Peter Gu\u0161taf\u00edk<\/p>\n","protected":false},"author":1,"featured_media":0,"parent":0,"menu_order":0,"comment_status":"closed","ping_status":"open","template":"","meta":{"neve_meta_sidebar":"","neve_meta_container":"","neve_meta_enable_content_width":"","neve_meta_content_width":0,"neve_meta_title_alignment":"","neve_meta_author_avatar":"","neve_post_elements_order":"","neve_meta_disable_header":"","neve_meta_disable_footer":"","neve_meta_disable_title":"","footnotes":""},"class_list":["post-2","page","type-page","status-publish","hentry"],"_links":{"self":[{"href":"https:\/\/www.clovek.sk\/sk_sk\/wp-json\/wp\/v2\/pages\/2"}],"collection":[{"href":"https:\/\/www.clovek.sk\/sk_sk\/wp-json\/wp\/v2\/pages"}],"about":[{"href":"https:\/\/www.clovek.sk\/sk_sk\/wp-json\/wp\/v2\/types\/page"}],"author":[{"embeddable":true,"href":"https:\/\/www.clovek.sk\/sk_sk\/wp-json\/wp\/v2\/users\/1"}],"replies":[{"embeddable":true,"href":"https:\/\/www.clovek.sk\/sk_sk\/wp-json\/wp\/v2\/comments?post=2"}],"version-history":[{"count":4,"href":"https:\/\/www.clovek.sk\/sk_sk\/wp-json\/wp\/v2\/pages\/2\/revisions"}],"predecessor-version":[{"id":103,"href":"https:\/\/www.clovek.sk\/sk_sk\/wp-json\/wp\/v2\/pages\/2\/revisions\/103"}],"wp:attachment":[{"href":"https:\/\/www.clovek.sk\/sk_sk\/wp-json\/wp\/v2\/media?parent=2"}],"curies":[{"name":"wp","href":"https:\/\/api.w.org\/{rel}","templated":true}]}}